{"id":381,"date":"2025-09-16T06:04:20","date_gmt":"2025-09-16T04:04:20","guid":{"rendered":"https:\/\/www.chiefantidote.com\/?page_id=381"},"modified":"2025-09-16T06:15:26","modified_gmt":"2025-09-16T04:15:26","slug":"impresszum","status":"publish","type":"page","link":"https:\/\/www.chiefantidote.com\/en\/impresszum\/","title":{"rendered":"Imprint"},"content":{"rendered":"<div data-elementor-type=\"wp-page\" data-elementor-id=\"381\" class=\"elementor elementor-381\" data-elementor-post-type=\"page\">\n\t\t\t\t\t\t<section class=\"elementor-section elementor-top-section elementor-element elementor-element-7aae1c5 elementor-section-boxed elementor-section-height-default elementor-section-height-default\" data-id=\"7aae1c5\" data-element_type=\"section\" data-settings=\"{&quot;jet_parallax_layout_list&quot;:[]}\">\n\t\t\t\t\t\t<div class=\"elementor-container elementor-column-gap-default\">\n\t\t\t\t\t<div class=\"elementor-column elementor-col-100 elementor-top-column elementor-element elementor-element-6774c07\" data-id=\"6774c07\" data-element_type=\"column\">\n\t\t\t<div class=\"elementor-widget-wrap elementor-element-populated\">\n\t\t\t\t\t\t<div class=\"elementor-element elementor-element-d2ea879 elementor-widget elementor-widget-heading\" data-id=\"d2ea879\" data-element_type=\"widget\" data-widget_type=\"heading.default\">\n\t\t\t\t\t<h1 class=\"elementor-heading-title elementor-size-default\">Imprint<\/h1>\t\t\t\t<\/div>\n\t\t\t\t<div class=\"elementor-element elementor-element-034c916 elementor-widget elementor-widget-text-editor\" data-id=\"034c916\" data-element_type=\"widget\" data-widget_type=\"text-editor.default\">\n\t\t\t\t\t\t\t\t\t<p data-start=\"114\" data-end=\"260\"><strong data-start=\"114\" data-end=\"157\">Szolg\u00e1ltat\u00f3 neve \u00e9s teljes megnevez\u00e9se:<\/strong><br data-start=\"157\" data-end=\"160\" \/>Chief Antidote Zrt. \u2013 Chief Antidote Gy\u00f3gyszer-nagykereskedelmi Z\u00e1rtk\u00f6r\u0171en M\u0171k\u00f6d\u0151 R\u00e9szv\u00e9nyt\u00e1rsas\u00e1g<\/p><p data-start=\"262\" data-end=\"314\"><strong data-start=\"262\" data-end=\"275\">Sz\u00e9khely:<\/strong><br data-start=\"275\" data-end=\"278\" \/>H\u20131027 Budapest, Bem J\u00f3zsef utca 1\/b.<\/p><p data-start=\"316\" data-end=\"387\"><strong data-start=\"316\" data-end=\"350\">K\u00e9pviseletre jogosult szem\u00e9ly:<\/strong><br data-start=\"350\" data-end=\"353\" \/>Pal\u00f3cz Adrienn Petra \u2013 \u00fcgyvezet\u0151<\/p><p data-start=\"389\" data-end=\"419\"><strong data-start=\"389\" data-end=\"401\">Ad\u00f3sz\u00e1m:<\/strong><br data-start=\"401\" data-end=\"404\" \/>32621725-2-41<\/p><p data-start=\"421\" data-end=\"493\"><strong data-start=\"421\" data-end=\"455\">C\u00e9gnyilv\u00e1ntart\u00e1sba bejegyezve:<\/strong><br data-start=\"455\" data-end=\"458\" \/>Budapesti T\u00f6rv\u00e9nysz\u00e9k C\u00e9gb\u00edr\u00f3s\u00e1ga<\/p><p data-start=\"495\" data-end=\"548\"><strong data-start=\"495\" data-end=\"511\">El\u00e9rhet\u0151s\u00e9g:<\/strong><br data-start=\"511\" data-end=\"514\" \/>E-mail: <a class=\"decorated-link cursor-pointer\" rel=\"noopener\" data-start=\"522\" data-end=\"546\">pharma@chiefantidote.com<\/a><\/p><p data-start=\"550\" data-end=\"711\"><strong data-start=\"550\" data-end=\"573\">T\u00e1rhelyszolg\u00e1ltat\u00f3:<\/strong><br data-start=\"573\" data-end=\"576\" \/>Websupport Magyarorsz\u00e1g Kft.<br data-start=\"604\" data-end=\"607\" \/>Sz\u00e9khely: 1132 Budapest, Victor Hugo utca 18\u201322.<br data-start=\"655\" data-end=\"658\" \/>Web: <a class=\"decorated-link cursor-pointer\" target=\"_new\" rel=\"noopener\" data-start=\"663\" data-end=\"709\">https:\/\/websupport.hu<\/a><\/p>\t\t\t\t\t\t\t\t<\/div>\n\t\t\t\t\t<\/div>\n\t\t<\/div>\n\t\t\t\t\t<\/div>\n\t\t<\/section>\n\t\t\t\t<\/div>","protected":false},"excerpt":{"rendered":"<p>Impresszum Szolg\u00e1ltat\u00f3 neve \u00e9s teljes megnevez\u00e9se:Chief Antidote Zrt. \u2013 Chief Antidote Gy\u00f3gyszer-nagykereskedelmi Z\u00e1rtk\u00f6r\u0171en M\u0171k\u00f6d\u0151 R\u00e9szv\u00e9nyt\u00e1rsas\u00e1g Sz\u00e9khely:1027 Budapest, Bem J\u00f3zsef utca [&hellip;]<\/p>","protected":false},"author":1,"featured_media":0,"parent":0,"menu_order":0,"comment_status":"closed","ping_status":"closed","template":"","meta":{"site-sidebar-layout":"no-sidebar","site-content-layout":"","ast-site-content-layout":"full-width-container","site-content-style":"default","site-sidebar-style":"default","ast-global-header-display":"","ast-banner-title-visibility":"","ast-main-header-display":"","ast-hfb-above-header-display":"","ast-hfb-below-header-display":"","ast-hfb-mobile-header-display":"","site-post-title":"","ast-breadcrumbs-content":"","ast-featured-img":"disabled","footer-sml-layout":"","theme-transparent-header-meta":"","adv-header-id-meta":"","stick-header-meta":"","header-above-stick-meta":"","header-main-stick-meta":"","header-below-stick-meta":"","astra-migrate-meta-layouts":"default","ast-page-background-enabled":"default","ast-page-background-meta":{"desktop":{"background-color":"var(--ast-global-color-5)","background-image":"","background-repeat":"repeat","background-position":"center center","background-size":"auto","background-attachment":"scroll","background-type":"","background-media":"","overlay-type":"","overlay-color":"","overlay-opacity":"","overlay-gradient":""},"tablet":{"background-color":"","background-image":"","background-repeat":"repeat","background-position":"center center","background-size":"auto","background-attachment":"scroll","background-type":"","background-media":"","overlay-type":"","overlay-color":"","overlay-opacity":"","overlay-gradient":""},"mobile":{"background-color":"","background-image":"","background-repeat":"repeat","background-position":"center center","background-size":"auto","background-attachment":"scroll","background-type":"","background-media":"","overlay-type":"","overlay-color":"","overlay-opacity":"","overlay-gradient":""}},"ast-content-background-meta":{"desktop":{"background-color":"var(--ast-global-color-4)","background-image":"","background-repeat":"repeat","background-position":"center center","background-size":"auto","background-attachment":"scroll","background-type":"","background-media":"","overlay-type":"","overlay-color":"","overlay-opacity":"","overlay-gradient":""},"tablet":{"background-color":"var(--ast-global-color-4)","background-image":"","background-repeat":"repeat","background-position":"center center","background-size":"auto","background-attachment":"scroll","background-type":"","background-media":"","overlay-type":"","overlay-color":"","overlay-opacity":"","overlay-gradient":""},"mobile":{"background-color":"var(--ast-global-color-4)","background-image":"","background-repeat":"repeat","background-position":"center center","background-size":"auto","background-attachment":"scroll","background-type":"","background-media":"","overlay-type":"","overlay-color":"","overlay-opacity":"","overlay-gradient":""}},"footnotes":""},"class_list":["post-381","page","type-page","status-publish","hentry"],"_links":{"self":[{"href":"https:\/\/www.chiefantidote.com\/en\/wp-json\/wp\/v2\/pages\/381","targetHints":{"allow":["GET"]}}],"collection":[{"href":"https:\/\/www.chiefantidote.com\/en\/wp-json\/wp\/v2\/pages"}],"about":[{"href":"https:\/\/www.chiefantidote.com\/en\/wp-json\/wp\/v2\/types\/page"}],"author":[{"embeddable":true,"href":"https:\/\/www.chiefantidote.com\/en\/wp-json\/wp\/v2\/users\/1"}],"replies":[{"embeddable":true,"href":"https:\/\/www.chiefantidote.com\/en\/wp-json\/wp\/v2\/comments?post=381"}],"version-history":[{"count":4,"href":"https:\/\/www.chiefantidote.com\/en\/wp-json\/wp\/v2\/pages\/381\/revisions"}],"predecessor-version":[{"id":385,"href":"https:\/\/www.chiefantidote.com\/en\/wp-json\/wp\/v2\/pages\/381\/revisions\/385"}],"wp:attachment":[{"href":"https:\/\/www.chiefantidote.com\/en\/wp-json\/wp\/v2\/media?parent=381"}],"curies":[{"name":"wp","href":"https:\/\/api.w.org\/{rel}","templated":true}]}}