{"id":358,"date":"2025-09-16T05:37:17","date_gmt":"2025-09-16T03:37:17","guid":{"rendered":"https:\/\/www.chiefantidote.com\/?page_id=358"},"modified":"2025-09-16T06:15:26","modified_gmt":"2025-09-16T04:15:26","slug":"suti-tajekoztato","status":"publish","type":"page","link":"https:\/\/www.chiefantidote.com\/en\/suti-tajekoztato\/","title":{"rendered":"Cookie Policy"},"content":{"rendered":"<div data-elementor-type=\"wp-page\" data-elementor-id=\"358\" class=\"elementor elementor-358\" data-elementor-post-type=\"page\">\n\t\t\t\t\t\t<section class=\"elementor-section elementor-top-section elementor-element elementor-element-5c308a45 elementor-section-boxed elementor-section-height-default elementor-section-height-default\" data-id=\"5c308a45\" data-element_type=\"section\" data-settings=\"{&quot;jet_parallax_layout_list&quot;:[]}\">\n\t\t\t\t\t\t<div class=\"elementor-container elementor-column-gap-default\">\n\t\t\t\t\t<div class=\"elementor-column elementor-col-100 elementor-top-column elementor-element elementor-element-46c026ec\" data-id=\"46c026ec\" data-element_type=\"column\">\n\t\t\t<div class=\"elementor-widget-wrap elementor-element-populated\">\n\t\t\t\t\t\t<div class=\"elementor-element elementor-element-912c417 elementor-widget elementor-widget-heading\" data-id=\"912c417\" data-element_type=\"widget\" data-widget_type=\"heading.default\">\n\t\t\t\t\t<h1 class=\"elementor-heading-title elementor-size-default\">S\u00fcti (Cookie) T\u00e1j\u00e9koztat\u00f3<\/h1>\t\t\t\t<\/div>\n\t\t\t\t<div class=\"elementor-element elementor-element-4d74b821 elementor-widget elementor-widget-text-editor\" data-id=\"4d74b821\" data-element_type=\"widget\" data-widget_type=\"text-editor.default\">\n\t\t\t\t\t\t\t\t\t<h2 data-start=\"165\" data-end=\"201\">1. Mik azok a cookie-k (s\u00fctik)?<\/h2><p data-start=\"203\" data-end=\"430\">A cookie-k (s\u00fctik) kis sz\u00f6veges f\u00e1jlok, amelyek a b\u00f6ng\u00e9sz\u0151dben ker\u00fclnek elhelyez\u00e9sre, amikor megl\u00e1togatsz egy weboldalt.<br data-start=\"323\" data-end=\"326\" \/>Ezek seg\u00edts\u00e9g\u00e9vel az oldal bizonyos funkci\u00f3i m\u0171k\u00f6dni tudnak, valamint jav\u00edthat\u00f3 a felhaszn\u00e1l\u00f3i \u00e9lm\u00e9ny.<\/p><p data-start=\"432\" data-end=\"451\">A s\u00fctik lehetnek:<\/p><ul data-start=\"452\" data-end=\"586\"><li data-start=\"452\" data-end=\"526\"><p data-start=\"454\" data-end=\"526\"><strong data-start=\"454\" data-end=\"490\">ideiglenesek (munkamenet-s\u00fctik):<\/strong> a b\u00f6ng\u00e9sz\u0151 bez\u00e1r\u00e1s\u00e1val t\u00f6rl\u0151dnek,<\/p><\/li><li data-start=\"527\" data-end=\"586\"><p data-start=\"529\" data-end=\"586\"><strong data-start=\"529\" data-end=\"542\">tart\u00f3sak:<\/strong> hosszabb ideig meg\u0151rz\u0151dnek az eszk\u00f6z\u00f6d\u00f6n.<\/p><\/li><\/ul><p data-start=\"588\" data-end=\"762\">Jogszab\u00e1ly szerint az oldal m\u0171k\u00f6d\u00e9s\u00e9hez <strong data-start=\"628\" data-end=\"667\">elengedhetetlen\u00fcl sz\u00fcks\u00e9ges s\u00fctiket<\/strong> k\u00fcl\u00f6n enged\u00e9ly n\u00e9lk\u00fcl is haszn\u00e1lhatjuk.<br data-start=\"707\" data-end=\"710\" \/>Minden m\u00e1s s\u00fctihez a hozz\u00e1j\u00e1rul\u00e1sodra van sz\u00fcks\u00e9g.<\/p><h2 data-start=\"764\" data-end=\"803\">2. Hogyan t\u00f6rt\u00e9nik a hozz\u00e1j\u00e1rul\u00e1s?<\/h2><p data-start=\"805\" data-end=\"1074\">Amikor el\u0151sz\u00f6r l\u00e1togatod meg weboldalunkat, egy s\u00fcti-kezel\u0151 ablak jelenik meg, ahol kateg\u00f3ri\u00e1nk\u00e9nt eld\u00f6ntheted, mely s\u00fctiket enged\u00e9lyezed.<br data-start=\"943\" data-end=\"946\" \/>A be\u00e1ll\u00edt\u00e1saidat b\u00e1rmikor m\u00f3dos\u00edthatod vagy visszavonhatod a <strong data-start=\"1007\" data-end=\"1029\">\u201eS\u00fcti be\u00e1ll\u00edt\u00e1sok\u201d<\/strong> linkre kattintva (az oldal alj\u00e1n tal\u00e1lod).<\/p><h2 data-start=\"1076\" data-end=\"1121\">3. A s\u00fctik t\u00edpusai, amelyeket haszn\u00e1lunk<\/h2><h3 data-start=\"1123\" data-end=\"1167\">3.1. Elengedhetetlen\u00fcl sz\u00fcks\u00e9ges s\u00fctik<\/h3><p data-start=\"1168\" data-end=\"1308\">Ezek biztos\u00edtj\u00e1k a weboldal alapvet\u0151 m\u0171k\u00f6d\u00e9s\u00e9t (pl. navig\u00e1ci\u00f3, kos\u00e1rkezel\u00e9s, biztons\u00e1g).<br data-start=\"1256\" data-end=\"1259\" \/>Ezek n\u00e9lk\u00fcl a weboldal nem m\u0171k\u00f6dik megfelel\u0151en.<\/p><ul data-start=\"1310\" data-end=\"1678\"><li data-start=\"1310\" data-end=\"1375\"><p data-start=\"1312\" data-end=\"1375\"><code data-start=\"1312\" data-end=\"1323\">PHPSESSID<\/code> \u2013 munkamenet azonos\u00edt\u00f3, a b\u00f6ng\u00e9sz\u0151 bez\u00e1r\u00e1s\u00e1ig \u00e9l.<\/p><\/li><li data-start=\"1376\" data-end=\"1445\"><p data-start=\"1378\" data-end=\"1445\"><code data-start=\"1378\" data-end=\"1393\">CookieConsent<\/code> \u2013 a felhaszn\u00e1l\u00f3 s\u00fcti-be\u00e1ll\u00edt\u00e1sait t\u00e1rolja (1 \u00e9v).<\/p><\/li><li data-start=\"1446\" data-end=\"1526\"><p data-start=\"1448\" data-end=\"1526\"><code data-start=\"1448\" data-end=\"1473\">wp_woocommerce_session_<\/code> \u2013 a kos\u00e1r tartalm\u00e1t t\u00e1rolja (b\u00f6ng\u00e9sz\u0151 bez\u00e1r\u00e1s\u00e1ig).<\/p><\/li><li data-start=\"1527\" data-end=\"1600\"><p data-start=\"1529\" data-end=\"1600\"><code data-start=\"1529\" data-end=\"1556\">woocommerce_items_in_cart<\/code> \u2013 kos\u00e1rinform\u00e1ci\u00f3k (b\u00f6ng\u00e9sz\u0151 bez\u00e1r\u00e1s\u00e1ig).<\/p><\/li><li data-start=\"1601\" data-end=\"1678\"><p data-start=\"1603\" data-end=\"1678\"><code data-start=\"1603\" data-end=\"1618\">wc_cart_hash_<\/code> \u2013 rendel\u00e9s-\u00f6sszekapcsol\u00e1shoz sz\u00fcks\u00e9ges azonos\u00edt\u00f3 (1 nap).<\/p><\/li><\/ul><h3 data-start=\"1680\" data-end=\"1711\">3.2. Preferenci\u00e1lis s\u00fctik<\/h3><p data-start=\"1712\" data-end=\"1781\">Ezek a s\u00fctik megjegyzik p\u00e9ld\u00e1ul a v\u00e1lasztott nyelvet vagy a r\u00e9gi\u00f3t.<\/p><h3 data-start=\"1783\" data-end=\"1812\">3.3. Statisztikai s\u00fctik<\/h3><p data-start=\"1813\" data-end=\"1896\">Ezek anonim m\u00f3don seg\u00edtenek meg\u00e9rteni, hogyan haszn\u00e1lj\u00e1k a l\u00e1togat\u00f3k a weboldalt.<\/p><ul data-start=\"1898\" data-end=\"2056\"><li data-start=\"1898\" data-end=\"1944\"><p data-start=\"1900\" data-end=\"1944\"><code data-start=\"1900\" data-end=\"1905\">_ga<\/code> \u2013 Google Analytics azonos\u00edt\u00f3 (2 \u00e9v).<\/p><\/li><li data-start=\"1945\" data-end=\"1994\"><p data-start=\"1947\" data-end=\"1994\"><code data-start=\"1947\" data-end=\"1953\">_gid<\/code> \u2013 Google Analytics azonos\u00edt\u00f3 (24 \u00f3ra).<\/p><\/li><li data-start=\"1995\" data-end=\"2056\"><p data-start=\"1997\" data-end=\"2056\"><code data-start=\"1997\" data-end=\"2003\">_gat<\/code> \u2013 Google Analytics lek\u00e9r\u00e9ssz\u00e1m korl\u00e1toz\u00f3 (1 perc).<\/p><\/li><\/ul><p data-start=\"2058\" data-end=\"2196\"><em data-start=\"2058\" data-end=\"2194\">A Google Analytics haszn\u00e1lata sor\u00e1n az IP-c\u00edm r\u00f6vid\u00edt\u00e9sre ker\u00fcl (IP-anonimiz\u00e1l\u00e1s), \u00edgy a felhaszn\u00e1l\u00f3 szem\u00e9ly szerint nem azonos\u00edthat\u00f3.<\/em><\/p><h3 data-start=\"2198\" data-end=\"2229\">3.4. Marketing c\u00e9l\u00fa s\u00fctik<\/h3><p data-start=\"2230\" data-end=\"2317\">Ezek seg\u00edts\u00e9g\u00e9vel szem\u00e9lyre szabott tartalmakat \u00e9s hirdet\u00e9seket tudunk megjelen\u00edteni.<\/p><ul data-start=\"2319\" data-end=\"2478\"><li data-start=\"2319\" data-end=\"2366\"><p data-start=\"2321\" data-end=\"2366\"><code data-start=\"2321\" data-end=\"2325\">fr<\/code>, <code data-start=\"2327\" data-end=\"2331\">tr<\/code> \u2013 Meta (Facebook) hirdet\u00e9sekhez.<\/p><\/li><li data-start=\"2367\" data-end=\"2418\"><p data-start=\"2369\" data-end=\"2418\"><code data-start=\"2369\" data-end=\"2387\">ads\/ga-audiences<\/code> \u2013 Google Ads remarketinghez.<\/p><\/li><li data-start=\"2419\" data-end=\"2478\"><p data-start=\"2421\" data-end=\"2478\"><code data-start=\"2421\" data-end=\"2427\">pref<\/code> \u2013 YouTube s\u00fctik (vide\u00f3megtekint\u00e9si be\u00e1ll\u00edt\u00e1sok).<\/p><\/li><\/ul><p data-start=\"2480\" data-end=\"2683\"><em data-start=\"2480\" data-end=\"2681\">El\u0151fordulhat, hogy bizonyos s\u00fctik eset\u00e9n adat tov\u00e1bb\u00edt\u00e1sra ker\u00fcl az <strong data-start=\"2549\" data-end=\"2584\">Eur\u00f3pai Uni\u00f3n k\u00edv\u00fclre (pl. USA)<\/strong>. Ilyen esetben a szolg\u00e1ltat\u00f3k megfelel\u0151 garanci\u00e1kat alkalmaznak (pl. EU\u2013USA Adatv\u00e9delmi Keret).<\/em><\/p><h2 data-start=\"2685\" data-end=\"2752\">4. Hogyan tudod ellen\u0151rizni \u00e9s m\u00f3dos\u00edtani a s\u00fctibe\u00e1ll\u00edt\u00e1sokat?<\/h2><ul data-start=\"2754\" data-end=\"3265\"><li data-start=\"2754\" data-end=\"2869\"><p data-start=\"2756\" data-end=\"2869\">A hozz\u00e1j\u00e1rul\u00e1sodat b\u00e1rmikor visszavonhatod a weboldal alj\u00e1n tal\u00e1lhat\u00f3 <strong data-start=\"2826\" data-end=\"2848\">\u201eS\u00fcti be\u00e1ll\u00edt\u00e1sok\u201d<\/strong> link seg\u00edts\u00e9g\u00e9vel.<\/p><\/li><li data-start=\"2870\" data-end=\"3265\"><p data-start=\"2872\" data-end=\"2926\">A b\u00f6ng\u00e9sz\u0151dben is m\u00f3dos\u00edthatod a s\u00fcti-be\u00e1ll\u00edt\u00e1sokat:<\/p><ul data-start=\"2929\" data-end=\"3265\"><li data-start=\"2929\" data-end=\"2996\"><p data-start=\"2931\" data-end=\"2996\"><a class=\"decorated-link cursor-pointer\" target=\"_new\" rel=\"noopener\" data-start=\"2931\" data-end=\"2994\">Google Chrome<\/a><\/p><\/li><li data-start=\"2999\" data-end=\"3087\"><p data-start=\"3001\" data-end=\"3087\"><a class=\"decorated-link cursor-pointer\" target=\"_new\" rel=\"noopener\" data-start=\"3001\" data-end=\"3085\">Mozilla Firefox<\/a><\/p><\/li><li data-start=\"3090\" data-end=\"3190\"><p data-start=\"3092\" data-end=\"3190\"><a class=\"decorated-link cursor-pointer\" target=\"_new\" rel=\"noopener\" data-start=\"3092\" data-end=\"3188\">Microsoft Edge<\/a><\/p><\/li><li data-start=\"3193\" data-end=\"3265\"><p data-start=\"3195\" data-end=\"3265\"><a class=\"decorated-link cursor-pointer\" target=\"_new\" rel=\"noopener\" data-start=\"3195\" data-end=\"3263\">Safari<\/a><\/p><\/li><\/ul><\/li><\/ul><h2 data-start=\"3267\" data-end=\"3302\">5. Jogalap a s\u00fctik kezel\u00e9s\u00e9hez<\/h2><ul data-start=\"3304\" data-end=\"3480\"><li data-start=\"3304\" data-end=\"3378\"><p data-start=\"3306\" data-end=\"3378\"><strong data-start=\"3306\" data-end=\"3332\">Elengedhetetlen s\u00fctik:<\/strong> GDPR 6. cikk (1) bekezd\u00e9s f) \u2013 jogos \u00e9rdek.<\/p><\/li><li data-start=\"3379\" data-end=\"3480\"><p data-start=\"3381\" data-end=\"3480\"><strong data-start=\"3381\" data-end=\"3433\">Statisztikai, preferenci\u00e1lis \u00e9s marketing s\u00fctik:<\/strong> GDPR 6. cikk (1) bekezd\u00e9s a) \u2013 hozz\u00e1j\u00e1rul\u00e1s.<\/p><\/li><\/ul><h2 data-start=\"3482\" data-end=\"3507\">6. Fontos tudnival\u00f3k<\/h2><p data-start=\"3509\" data-end=\"3713\">A s\u00fctik letilt\u00e1sa eset\u00e9n el\u0151fordulhat, hogy weboldalunk egyes funkci\u00f3i nem m\u0171k\u00f6dnek megfelel\u0151en.<br data-start=\"3605\" data-end=\"3608\" \/>A s\u00fctik c\u00e9lja, hogy k\u00e9nyelmesebb, biztons\u00e1gosabb \u00e9s szem\u00e9lyre szabottabb b\u00f6ng\u00e9sz\u00e9si \u00e9lm\u00e9nyt ny\u00fajtsanak.<\/p>\t\t\t\t\t\t\t\t<\/div>\n\t\t\t\t\t<\/div>\n\t\t<\/div>\n\t\t\t\t\t<\/div>\n\t\t<\/section>\n\t\t\t\t<\/div>","protected":false},"excerpt":{"rendered":"<p>S\u00fcti (Cookie) T\u00e1j\u00e9koztat\u00f3 1. Mik azok a cookie-k (s\u00fctik)? A cookie-k (s\u00fctik) kis sz\u00f6veges f\u00e1jlok, amelyek a b\u00f6ng\u00e9sz\u0151dben ker\u00fclnek elhelyez\u00e9sre, [&hellip;]<\/p>","protected":false},"author":1,"featured_media":0,"parent":0,"menu_order":0,"comment_status":"closed","ping_status":"closed","template":"","meta":{"site-sidebar-layout":"no-sidebar","site-content-layout":"","ast-site-content-layout":"full-width-container","site-content-style":"default","site-sidebar-style":"default","ast-global-header-display":"","ast-banner-title-visibility":"","ast-main-header-display":"","ast-hfb-above-header-display":"","ast-hfb-below-header-display":"","ast-hfb-mobile-header-display":"","site-post-title":"","ast-breadcrumbs-content":"","ast-featured-img":"disabled","footer-sml-layout":"","theme-transparent-header-meta":"","adv-header-id-meta":"","stick-header-meta":"","header-above-stick-meta":"","header-main-stick-meta":"","header-below-stick-meta":"","astra-migrate-meta-layouts":"default","ast-page-background-enabled":"default","ast-page-background-meta":{"desktop":{"background-color":"var(--ast-global-color-5)","background-image":"","background-repeat":"repeat","background-position":"center center","background-size":"auto","background-attachment":"scroll","background-type":"","background-media":"","overlay-type":"","overlay-color":"","overlay-opacity":"","overlay-gradient":""},"tablet":{"background-color":"","background-image":"","background-repeat":"repeat","background-position":"center center","background-size":"auto","background-attachment":"scroll","background-type":"","background-media":"","overlay-type":"","overlay-color":"","overlay-opacity":"","overlay-gradient":""},"mobile":{"background-color":"","background-image":"","background-repeat":"repeat","background-position":"center center","background-size":"auto","background-attachment":"scroll","background-type":"","background-media":"","overlay-type":"","overlay-color":"","overlay-opacity":"","overlay-gradient":""}},"ast-content-background-meta":{"desktop":{"background-color":"var(--ast-global-color-4)","background-image":"","background-repeat":"repeat","background-position":"center center","background-size":"auto","background-attachment":"scroll","background-type":"","background-media":"","overlay-type":"","overlay-color":"","overlay-opacity":"","overlay-gradient":""},"tablet":{"background-color":"var(--ast-global-color-4)","background-image":"","background-repeat":"repeat","background-position":"center center","background-size":"auto","background-attachment":"scroll","background-type":"","background-media":"","overlay-type":"","overlay-color":"","overlay-opacity":"","overlay-gradient":""},"mobile":{"background-color":"var(--ast-global-color-4)","background-image":"","background-repeat":"repeat","background-position":"center center","background-size":"auto","background-attachment":"scroll","background-type":"","background-media":"","overlay-type":"","overlay-color":"","overlay-opacity":"","overlay-gradient":""}},"footnotes":""},"class_list":["post-358","page","type-page","status-publish","hentry"],"_links":{"self":[{"href":"https:\/\/www.chiefantidote.com\/en\/wp-json\/wp\/v2\/pages\/358","targetHints":{"allow":["GET"]}}],"collection":[{"href":"https:\/\/www.chiefantidote.com\/en\/wp-json\/wp\/v2\/pages"}],"about":[{"href":"https:\/\/www.chiefantidote.com\/en\/wp-json\/wp\/v2\/types\/page"}],"author":[{"embeddable":true,"href":"https:\/\/www.chiefantidote.com\/en\/wp-json\/wp\/v2\/users\/1"}],"replies":[{"embeddable":true,"href":"https:\/\/www.chiefantidote.com\/en\/wp-json\/wp\/v2\/comments?post=358"}],"version-history":[{"count":10,"href":"https:\/\/www.chiefantidote.com\/en\/wp-json\/wp\/v2\/pages\/358\/revisions"}],"predecessor-version":[{"id":376,"href":"https:\/\/www.chiefantidote.com\/en\/wp-json\/wp\/v2\/pages\/358\/revisions\/376"}],"wp:attachment":[{"href":"https:\/\/www.chiefantidote.com\/en\/wp-json\/wp\/v2\/media?parent=358"}],"curies":[{"name":"wp","href":"https:\/\/api.w.org\/{rel}","templated":true}]}}