{"id":322,"date":"2025-09-15T14:22:08","date_gmt":"2025-09-15T12:22:08","guid":{"rendered":"https:\/\/www.chiefantidote.com\/?page_id=322"},"modified":"2025-10-21T15:05:02","modified_gmt":"2025-10-21T13:05:02","slug":"contact","status":"publish","type":"page","link":"https:\/\/www.chiefantidote.com\/en","title":{"rendered":"Contact us"},"content":{"rendered":"<div data-elementor-type=\"wp-page\" data-elementor-id=\"322\" class=\"elementor elementor-322\" data-elementor-post-type=\"page\">\n\t\t\t\t<div class=\"elementor-element elementor-element-0dc3e28 e-flex e-con-boxed e-con e-parent\" data-id=\"0dc3e28\" data-element_type=\"container\" data-settings=\"{&quot;jet_parallax_layout_list&quot;:[]}\">\n\t\t\t\t\t<div class=\"e-con-inner\">\n\t\t<div class=\"elementor-element elementor-element-e84dad7 e-con-full e-flex e-con e-child\" data-id=\"e84dad7\" data-element_type=\"container\" data-settings=\"{&quot;background_background&quot;:&quot;classic&quot;,&quot;jet_parallax_layout_list&quot;:[]}\">\n\t\t\t\t<div class=\"elementor-element elementor-element-612bb93 elementor-widget__width-initial elementor-widget elementor-widget-heading\" data-id=\"612bb93\" data-element_type=\"widget\" data-widget_type=\"heading.default\">\n\t\t\t\t\t<div class=\"elementor-heading-title elementor-size-default\">Mindenben seg\u00edt\u00fcnk<\/div>\t\t\t\t<\/div>\n\t\t\t\t<div class=\"elementor-element elementor-element-6356bf6 elementor-widget__width-initial elementor-widget-mobile__width-inherit elementor-widget elementor-widget-heading\" data-id=\"6356bf6\" data-element_type=\"widget\" data-widget_type=\"heading.default\">\n\t\t\t\t\t<h1 class=\"elementor-heading-title elementor-size-default\">Contact us<\/h1>\t\t\t\t<\/div>\n\t\t\t\t<\/div>\n\t\t\t\t\t<\/div>\n\t\t\t\t<\/div>\n\t\t<div class=\"elementor-element elementor-element-e4c7280 e-flex e-con-boxed e-con e-parent\" data-id=\"e4c7280\" data-element_type=\"container\" id=\"scroll\" data-settings=\"{&quot;jet_parallax_layout_list&quot;:[]}\">\n\t\t\t\t\t<div class=\"e-con-inner\">\n\t\t<div class=\"elementor-element elementor-element-dd33e6c e-con-full e-flex e-con e-child\" data-id=\"dd33e6c\" data-element_type=\"container\" data-settings=\"{&quot;jet_parallax_layout_list&quot;:[]}\">\n\t\t\t\t<div class=\"elementor-element elementor-element-2e946c2 elementor-widget__width-initial elementor-widget elementor-widget-heading\" data-id=\"2e946c2\" data-element_type=\"widget\" data-widget_type=\"heading.default\">\n\t\t\t\t\t<div class=\"elementor-heading-title elementor-size-default\">Contact details<\/div>\t\t\t\t<\/div>\n\t\t\t\t<div class=\"elementor-element elementor-element-253903a elementor-widget__width-initial elementor-widget elementor-widget-heading\" data-id=\"253903a\" data-element_type=\"widget\" data-widget_type=\"heading.default\">\n\t\t\t\t\t<div class=\"elementor-heading-title elementor-size-default\">Our headquarters and contact details<\/div>\t\t\t\t<\/div>\n\t\t\t\t<div class=\"elementor-element elementor-element-e552307 elementor-widget__width-initial elementor-widget elementor-widget-text-editor\" data-id=\"e552307\" data-element_type=\"widget\" data-widget_type=\"text-editor.default\">\n\t\t\t\t\t\t\t\t\t<p>For any question concerning purchasing, public procurement or logistics, our colleagues are readily available through the following channels of communication:<\/p>\t\t\t\t\t\t\t\t<\/div>\n\t\t\t\t<\/div>\n\t\t<div class=\"elementor-element elementor-element-c35b604 e-con-full e-flex e-con e-child\" data-id=\"c35b604\" data-element_type=\"container\" data-settings=\"{&quot;jet_parallax_layout_list&quot;:[]}\">\n\t\t<div class=\"elementor-element elementor-element-7a4608f e-con-full e-flex e-con e-child\" data-id=\"7a4608f\" data-element_type=\"container\" data-settings=\"{&quot;background_background&quot;:&quot;classic&quot;,&quot;jet_parallax_layout_list&quot;:[]}\">\n\t\t\t\t<div class=\"elementor-element elementor-element-cd64c6e elementor-position-top elementor-widget elementor-widget-image-box\" data-id=\"cd64c6e\" data-element_type=\"widget\" data-widget_type=\"image-box.default\">\n\t\t\t\t\t<div class=\"elementor-image-box-wrapper\"><figure class=\"elementor-image-box-img\"><img decoding=\"async\" width=\"32\" height=\"32\" src=\"https:\/\/www.chiefantidote.com\/wp-content\/uploads\/2025\/09\/maps.png\" class=\"attachment-full size-full wp-image-325\" alt=\"\" srcset=\"https:\/\/www.chiefantidote.com\/wp-content\/uploads\/2025\/09\/maps.png 32w, https:\/\/www.chiefantidote.com\/wp-content\/uploads\/2025\/09\/maps-12x12.png 12w\" sizes=\"(max-width: 32px) 100vw, 32px\" \/><\/figure><div class=\"elementor-image-box-content\"><h3 class=\"elementor-image-box-title\">Sz\u00e9khely<\/h3><p class=\"elementor-image-box-description\">H\u20131027 Budapest, Bem J\u00f3zsef utca 1\/b.<\/p><\/div><\/div>\t\t\t\t<\/div>\n\t\t\t\t<\/div>\n\t\t<div class=\"elementor-element elementor-element-ff385a2 e-con-full e-flex e-con e-child\" data-id=\"ff385a2\" data-element_type=\"container\" data-settings=\"{&quot;background_background&quot;:&quot;classic&quot;,&quot;jet_parallax_layout_list&quot;:[]}\">\n\t\t\t\t<div class=\"elementor-element elementor-element-78ebff4 elementor-position-top elementor-widget elementor-widget-image-box\" data-id=\"78ebff4\" data-element_type=\"widget\" data-widget_type=\"image-box.default\">\n\t\t\t\t\t<div class=\"elementor-image-box-wrapper\"><figure class=\"elementor-image-box-img\"><img decoding=\"async\" width=\"33\" height=\"32\" src=\"https:\/\/www.chiefantidote.com\/wp-content\/uploads\/2025\/09\/email.png\" class=\"attachment-full size-full wp-image-324\" alt=\"\" srcset=\"https:\/\/www.chiefantidote.com\/wp-content\/uploads\/2025\/09\/email.png 33w, https:\/\/www.chiefantidote.com\/wp-content\/uploads\/2025\/09\/email-12x12.png 12w\" sizes=\"(max-width: 33px) 100vw, 33px\" \/><\/figure><div class=\"elementor-image-box-content\"><h3 class=\"elementor-image-box-title\">E-mail<\/h3><p class=\"elementor-image-box-description\">info@chiefantidote.com<\/p><\/div><\/div>\t\t\t\t<\/div>\n\t\t\t\t<\/div>\n\t\t\t\t<\/div>\n\t\t\t\t\t<\/div>\n\t\t\t\t<\/div>\n\t\t<div class=\"elementor-element elementor-element-d3f4eac e-flex e-con-boxed e-con e-parent\" data-id=\"d3f4eac\" data-element_type=\"container\" data-settings=\"{&quot;jet_parallax_layout_list&quot;:[]}\">\n\t\t\t\t\t<div class=\"e-con-inner\">\n\t\t<div class=\"elementor-element elementor-element-e2f399f e-con-full e-flex e-con e-child\" data-id=\"e2f399f\" data-element_type=\"container\" data-settings=\"{&quot;jet_parallax_layout_list&quot;:[]}\">\n\t\t\t\t<div class=\"elementor-element elementor-element-21d6462 elementor-widget__width-initial elementor-widget elementor-widget-heading\" data-id=\"21d6462\" data-element_type=\"widget\" data-widget_type=\"heading.default\">\n\t\t\t\t\t<div class=\"elementor-heading-title elementor-size-default\">Kapcsolati \u0171rlap<\/div>\t\t\t\t<\/div>\n\t\t\t\t<div class=\"elementor-element elementor-element-dd07f83 elementor-widget__width-initial elementor-widget elementor-widget-heading\" data-id=\"dd07f83\" data-element_type=\"widget\" data-widget_type=\"heading.default\">\n\t\t\t\t\t<div class=\"elementor-heading-title elementor-size-default\">Get in Touch with Us<\/div>\t\t\t\t<\/div>\n\t\t<div class=\"elementor-element elementor-element-0c6768f e-con-full e-flex e-con e-child\" data-id=\"0c6768f\" data-element_type=\"container\" data-settings=\"{&quot;jet_parallax_layout_list&quot;:[]}\">\n\t\t<div class=\"elementor-element elementor-element-4bf9dac e-con-full e-flex e-con e-child\" data-id=\"4bf9dac\" data-element_type=\"container\" data-settings=\"{&quot;background_background&quot;:&quot;classic&quot;,&quot;jet_parallax_layout_list&quot;:[]}\">\n\t\t\t\t<div class=\"elementor-element elementor-element-4272dd9 elementor-position-top elementor-widget elementor-widget-image-box\" data-id=\"4272dd9\" data-element_type=\"widget\" data-widget_type=\"image-box.default\">\n\t\t\t\t\t<div class=\"elementor-image-box-wrapper\"><figure class=\"elementor-image-box-img\"><a href=\"mailto:dr.melinda.sarmany@chiefantidote.com\" tabindex=\"-1\"><img decoding=\"async\" width=\"33\" height=\"32\" src=\"https:\/\/www.chiefantidote.com\/wp-content\/uploads\/2025\/09\/email.png\" class=\"attachment-full size-full wp-image-324\" alt=\"\" srcset=\"https:\/\/www.chiefantidote.com\/wp-content\/uploads\/2025\/09\/email.png 33w, https:\/\/www.chiefantidote.com\/wp-content\/uploads\/2025\/09\/email-12x12.png 12w\" sizes=\"(max-width: 33px) 100vw, 33px\" \/><\/a><\/figure><div class=\"elementor-image-box-content\"><h3 class=\"elementor-image-box-title\"><a href=\"mailto:dr.melinda.sarmany@chiefantidote.com\">Min\u0151s\u00e9gbiztos\u00edt\u00e1si vezet\u0151 \/ felel\u0151s szem\u00e9ly<\/a><\/h3><p class=\"elementor-image-box-description\">dr.melinda.sarmany@chiefantidote.com<\/p><\/div><\/div>\t\t\t\t<\/div>\n\t\t\t\t<\/div>\n\t\t<div class=\"elementor-element elementor-element-cabb878 e-con-full e-flex e-con e-child\" data-id=\"cabb878\" data-element_type=\"container\" data-settings=\"{&quot;background_background&quot;:&quot;classic&quot;,&quot;jet_parallax_layout_list&quot;:[]}\">\n\t\t\t\t<div class=\"elementor-element elementor-element-0b8ac31 elementor-position-top elementor-widget elementor-widget-image-box\" data-id=\"0b8ac31\" data-element_type=\"widget\" data-widget_type=\"image-box.default\">\n\t\t\t\t\t<div class=\"elementor-image-box-wrapper\"><figure class=\"elementor-image-box-img\"><img decoding=\"async\" width=\"33\" height=\"32\" src=\"https:\/\/www.chiefantidote.com\/wp-content\/uploads\/2025\/09\/email.png\" class=\"attachment-full size-full wp-image-324\" alt=\"\" srcset=\"https:\/\/www.chiefantidote.com\/wp-content\/uploads\/2025\/09\/email.png 33w, https:\/\/www.chiefantidote.com\/wp-content\/uploads\/2025\/09\/email-12x12.png 12w\" sizes=\"(max-width: 33px) 100vw, 33px\" \/><\/figure><div class=\"elementor-image-box-content\"><h3 class=\"elementor-image-box-title\">Min\u0151s\u00e9gbiztos\u00edt\u00e1s\u00e9rt felel\u0151s szak\u00e9rt\u0151 \/ felel\u0151s szem\u00e9ly<\/h3><p class=\"elementor-image-box-description\">dr.judit.soltenszky@chiefantidote.com<\/p><\/div><\/div>\t\t\t\t<\/div>\n\t\t\t\t<\/div>\n\t\t\t\t<\/div>\n\t\t\t\t<\/div>\n\t\t<div class=\"elementor-element elementor-element-f8cbc40 e-con-full e-flex e-con e-child\" data-id=\"f8cbc40\" data-element_type=\"container\" data-settings=\"{&quot;jet_parallax_layout_list&quot;:[]}\">\n\t\t<div class=\"elementor-element elementor-element-87e26f4 e-con-full e-flex e-con e-child\" data-id=\"87e26f4\" data-element_type=\"container\" id=\"scroll\" data-settings=\"{&quot;jet_parallax_layout_list&quot;:[]}\">\n\t\t\t\t<div class=\"elementor-element elementor-element-2db1a2a elementor-button-align-start elementor-widget elementor-widget-global elementor-global-239 elementor-widget-form\" data-id=\"2db1a2a\" data-element_type=\"widget\" data-settings=\"{&quot;step_next_label&quot;:&quot;K\\u00f6vetkez\\u0151&quot;,&quot;step_previous_label&quot;:&quot;El\\u0151z\\u0151&quot;,&quot;button_width&quot;:&quot;100&quot;,&quot;step_type&quot;:&quot;number_text&quot;,&quot;step_icon_shape&quot;:&quot;circle&quot;}\" data-widget_type=\"form.default\">\n\t\t\t\t\t\t\t<form class=\"elementor-form\" method=\"post\" name=\"Kapcsolatfelv\u00e9teli \u0170rlap\" aria-label=\"Kapcsolatfelv\u00e9teli \u0170rlap\" action=\"\">\n\t\t\t<input type=\"hidden\" name=\"post_id\" value=\"322\"\/>\n\t\t\t<input type=\"hidden\" name=\"form_id\" value=\"2db1a2a\"\/>\n\t\t\t<input type=\"hidden\" name=\"referer_title\" value=\"\" \/>\n\n\t\t\t\n\t\t\t<div class=\"elementor-form-fields-wrapper elementor-labels-above\">\n\t\t\t\t\t\t\t\t<div class=\"elementor-field-type-text elementor-field-group elementor-column elementor-field-group-vname elementor-col-50 elementor-field-required elementor-mark-required\">\n\t\t\t\t\t\t\t\t\t\t\t\t<label for=\"form-field-vname\" class=\"elementor-field-label\">\n\t\t\t\t\t\t\t\tLast Name\t\t\t\t\t\t\t<\/label>\n\t\t\t\t\t\t\t\t\t\t\t\t\t\t<input size=\"1\" type=\"text\" name=\"form_fields[vname]\" id=\"form-field-vname\" class=\"elementor-field elementor-size-sm  elementor-field-textual\" placeholder=\"Last Name\" required=\"required\">\n\t\t\t\t\t\t\t\t\t\t\t<\/div>\n\t\t\t\t\t\t\t\t<div class=\"elementor-field-type-text elementor-field-group elementor-column elementor-field-group-kname elementor-col-50 elementor-field-required elementor-mark-required\">\n\t\t\t\t\t\t\t\t\t\t\t\t<label for=\"form-field-kname\" class=\"elementor-field-label\">\n\t\t\t\t\t\t\t\tFirst Name\t\t\t\t\t\t\t<\/label>\n\t\t\t\t\t\t\t\t\t\t\t\t\t\t<input size=\"1\" type=\"text\" name=\"form_fields[kname]\" id=\"form-field-kname\" class=\"elementor-field elementor-size-sm  elementor-field-textual\" placeholder=\"First Name\" required=\"required\">\n\t\t\t\t\t\t\t\t\t\t\t<\/div>\n\t\t\t\t\t\t\t\t<div class=\"elementor-field-type-email elementor-field-group elementor-column elementor-field-group-email elementor-col-100 elementor-field-required elementor-mark-required\">\n\t\t\t\t\t\t\t\t\t\t\t\t<label for=\"form-field-email\" class=\"elementor-field-label\">\n\t\t\t\t\t\t\t\tEmail Address\t\t\t\t\t\t\t<\/label>\n\t\t\t\t\t\t\t\t\t\t\t\t\t\t<input size=\"1\" type=\"email\" name=\"form_fields[email]\" id=\"form-field-email\" class=\"elementor-field elementor-size-sm  elementor-field-textual\" placeholder=\"Email Address\" required=\"required\">\n\t\t\t\t\t\t\t\t\t\t\t<\/div>\n\t\t\t\t\t\t\t\t<div class=\"elementor-field-type-text elementor-field-group elementor-column elementor-field-group-cegnev elementor-col-100 elementor-field-required elementor-mark-required\">\n\t\t\t\t\t\t\t\t\t\t\t\t<label for=\"form-field-cegnev\" class=\"elementor-field-label\">\n\t\t\t\t\t\t\t\tCompany Name\t\t\t\t\t\t\t<\/label>\n\t\t\t\t\t\t\t\t\t\t\t\t\t\t<input size=\"1\" type=\"text\" name=\"form_fields[cegnev]\" id=\"form-field-cegnev\" class=\"elementor-field elementor-size-sm  elementor-field-textual\" placeholder=\"Company Name\" required=\"required\">\n\t\t\t\t\t\t\t\t\t\t\t<\/div>\n\t\t\t\t\t\t\t\t<div class=\"elementor-field-type-text elementor-field-group elementor-column elementor-field-group-beosztas elementor-col-100 elementor-field-required elementor-mark-required\">\n\t\t\t\t\t\t\t\t\t\t\t\t<label for=\"form-field-beosztas\" class=\"elementor-field-label\">\n\t\t\t\t\t\t\t\tJob Title\t\t\t\t\t\t\t<\/label>\n\t\t\t\t\t\t\t\t\t\t\t\t\t\t<input size=\"1\" type=\"text\" name=\"form_fields[beosztas]\" id=\"form-field-beosztas\" class=\"elementor-field elementor-size-sm  elementor-field-textual\" placeholder=\"Job Title\" required=\"required\">\n\t\t\t\t\t\t\t\t\t\t\t<\/div>\n\t\t\t\t\t\t\t\t<div class=\"elementor-field-type-text elementor-field-group elementor-column elementor-field-group-szolgaltatas elementor-col-100 elementor-field-required elementor-mark-required\">\n\t\t\t\t\t\t\t\t\t\t\t\t<label for=\"form-field-szolgaltatas\" class=\"elementor-field-label\">\n\t\t\t\t\t\t\t\tWhich of our services are you interested in?\t\t\t\t\t\t\t<\/label>\n\t\t\t\t\t\t\t\t\t\t\t\t\t\t<input size=\"1\" type=\"text\" name=\"form_fields[szolgaltatas]\" id=\"form-field-szolgaltatas\" class=\"elementor-field elementor-size-sm  elementor-field-textual\" placeholder=\"Which of our services are you interested in?\" required=\"required\">\n\t\t\t\t\t\t\t\t\t\t\t<\/div>\n\t\t\t\t\t\t\t\t<div class=\"elementor-field-type-textarea elementor-field-group elementor-column elementor-field-group-message elementor-col-100\">\n\t\t\t\t\t\t\t\t\t\t\t\t<label for=\"form-field-message\" class=\"elementor-field-label\">\n\t\t\t\t\t\t\t\tAdditional Information\t\t\t\t\t\t\t<\/label>\n\t\t\t\t\t\t<textarea class=\"elementor-field-textual elementor-field  elementor-size-sm\" name=\"form_fields[message]\" id=\"form-field-message\" rows=\"4\" placeholder=\"Message\"><\/textarea>\t\t\t\t<\/div>\n\t\t\t\t\t\t\t\t<div class=\"elementor-field-type-acceptance elementor-field-group elementor-column elementor-field-group-gdpr elementor-col-100 elementor-field-required elementor-mark-required\">\n\t\t\t\t\t\t\t<div class=\"elementor-field-subgroup\">\n\t\t\t<span class=\"elementor-field-option\">\n\t\t\t\t<input type=\"checkbox\" name=\"form_fields[gdpr]\" id=\"form-field-gdpr\" class=\"elementor-field elementor-size-sm  elementor-acceptance-field\" required=\"required\">\n\t\t\t\t<label for=\"form-field-gdpr\" class=\"translation-block\">I have read and understood the <a href=\"https:\/\/www.chiefantidote.com\/en\/adatvedelem\/\" target=\"_self\">Privacy Notice <\/a>and consent to the processing of my personal data by Chief Antidote Zrt. for the purpose of being contacted.<\/label>\t\t\t<\/span>\n\t\t<\/div>\n\t\t\t\t\t\t<\/div>\n\t\t\t\t\t\t\t\t<div class=\"elementor-field-group elementor-column elementor-field-type-submit elementor-col-100 e-form__buttons\">\n\t\t\t\t\t<button class=\"elementor-button elementor-size-md\" type=\"submit\">\n\t\t\t\t\t\t<span class=\"elementor-button-content-wrapper\">\n\t\t\t\t\t\t\t\t\t\t\t\t\t\t\t<span class=\"elementor-button-icon\">\n\t\t\t\t\t\t\t\t\t<svg xmlns=\"http:\/\/www.w3.org\/2000\/svg\" width=\"25\" height=\"12\" viewbox=\"0 0 25 12\" fill=\"none\"><path d=\"M24.0303 6.53033C24.3232 6.23743 24.3232 5.76256 24.0303 5.46967L19.2574 0.696698C18.9645 0.403804 18.4896 0.403804 18.1967 0.696698C17.9038 0.989591 17.9038 1.46446 18.1967 1.75736L22.4393 6L18.1967 10.2426C17.9038 10.5355 17.9038 11.0104 18.1967 11.3033C18.4896 11.5962 18.9645 11.5962 19.2574 11.3033L24.0303 6.53033ZM0.5 6L0.5 6.75L23.5 6.75L23.5 6L23.5 5.25L0.5 5.25L0.5 6Z\" fill=\"#F8F7F7\"><\/path><\/svg>\t\t\t\t\t\t\t\t\t\t\t\t\t\t\t\t\t<\/span>\n\t\t\t\t\t\t\t\t\t\t\t\t\t\t\t\t\t\t\t\t\t\t<span class=\"elementor-button-text\">Contact Us<\/span>\n\t\t\t\t\t\t\t\t\t\t\t\t\t<\/span>\n\t\t\t\t\t<\/button>\n\t\t\t\t<\/div>\n\t\t\t<\/div>\n\t\t<input type=\"hidden\" name=\"trp-form-language\" value=\"en\"\/><\/form>\n\t\t\t\t\t\t<\/div>\n\t\t\t\t<\/div>\n\t\t<div class=\"elementor-element elementor-element-624beb9 e-con-full elementor-hidden-mobile e-flex elementor-invisible e-con e-child\" data-id=\"624beb9\" data-element_type=\"container\" data-settings=\"{&quot;jet_parallax_layout_list&quot;:[],&quot;background_background&quot;:&quot;classic&quot;,&quot;animation&quot;:&quot;slideInRight&quot;}\">\n\t\t\t\t<\/div>\n\t\t\t\t<\/div>\n\t\t\t\t\t<\/div>\n\t\t\t\t<\/div>\n\t\t<div class=\"elementor-element elementor-element-e2f24bc e-flex e-con-boxed e-con e-parent\" data-id=\"e2f24bc\" data-element_type=\"container\" data-settings=\"{&quot;jet_parallax_layout_list&quot;:[],&quot;background_background&quot;:&quot;gradient&quot;}\">\n\t\t\t\t\t<div class=\"e-con-inner\">\n\t\t<div class=\"elementor-element elementor-element-804c862 e-con-full e-flex e-con e-child\" data-id=\"804c862\" data-element_type=\"container\" data-settings=\"{&quot;jet_parallax_layout_list&quot;:[]}\">\n\t\t<div class=\"elementor-element elementor-element-2e3be89 e-con-full e-flex e-con e-child\" data-id=\"2e3be89\" data-element_type=\"container\" data-settings=\"{&quot;jet_parallax_layout_list&quot;:[]}\">\n\t\t\t\t<div class=\"elementor-element elementor-element-7b61392 elementor-widget elementor-widget-google_maps\" data-id=\"7b61392\" data-element_type=\"widget\" data-widget_type=\"google_maps.default\">\n\t\t\t\t\t\t\t<div class=\"elementor-custom-embed\">\n\t\t\t<iframe loading=\"lazy\"\n\t\t\t\t\tsrc=\"https:\/\/maps.google.com\/maps?q=1027%20Budapest%2C%20Bem%20J%C3%B3zsef%20utca%201%2Fb&#038;t=m&#038;z=13&#038;output=embed&#038;iwloc=near\"\n\t\t\t\t\ttitle=\"H\u20131027 Budapest, Bem J\u00f3zsef utca 1\/b.\"\n\t\t\t\t\taria-label=\"H\u20131027 Budapest, Bem J\u00f3zsef utca 1\/b.\"\n\t\t\t><\/iframe>\n\t\t<\/div>\n\t\t\t\t\t\t<\/div>\n\t\t\t\t<\/div>\n\t\t\t\t<\/div>\n\t\t\t\t\t<\/div>\n\t\t\t\t<\/div>\n\t\t\t\t<\/div>","protected":false},"excerpt":{"rendered":"<p>Mindenben seg\u00edt\u00fcnk Kapcsolat Kapcsolati adatok K\u00f6zponti irod\u00e1nk \u00e9s el\u00e9rhet\u0151s\u00e9geink Legyen sz\u00f3 beszerz\u00e9sr\u0151l, k\u00f6zbeszerz\u00e9sr\u0151l vagy logisztikai k\u00e9rd\u00e9sekr\u0151l, koll\u00e9g\u00e1ink gyorsan el\u00e9rhet\u0151kek az [&hellip;]<\/p>","protected":false},"author":1,"featured_media":0,"parent":0,"menu_order":0,"comment_status":"closed","ping_status":"closed","template":"","meta":{"site-sidebar-layout":"no-sidebar","site-content-layout":"","ast-site-content-layout":"full-width-container","site-content-style":"default","site-sidebar-style":"default","ast-global-header-display":"","ast-banner-title-visibility":"","ast-main-header-display":"","ast-hfb-above-header-display":"","ast-hfb-below-header-display":"","ast-hfb-mobile-header-display":"","site-post-title":"","ast-breadcrumbs-content":"","ast-featured-img":"disabled","footer-sml-layout":"","theme-transparent-header-meta":"","adv-header-id-meta":"","stick-header-meta":"","header-above-stick-meta":"","header-main-stick-meta":"","header-below-stick-meta":"","astra-migrate-meta-layouts":"default","ast-page-background-enabled":"default","ast-page-background-meta":{"desktop":{"background-color":"var(--ast-global-color-5)","background-image":"","background-repeat":"repeat","background-position":"center center","background-size":"auto","background-attachment":"scroll","background-type":"","background-media":"","overlay-type":"","overlay-color":"","overlay-opacity":"","overlay-gradient":""},"tablet":{"background-color":"","background-image":"","background-repeat":"repeat","background-position":"center center","background-size":"auto","background-attachment":"scroll","background-type":"","background-media":"","overlay-type":"","overlay-color":"","overlay-opacity":"","overlay-gradient":""},"mobile":{"background-color":"","background-image":"","background-repeat":"repeat","background-position":"center center","background-size":"auto","background-attachment":"scroll","background-type":"","background-media":"","overlay-type":"","overlay-color":"","overlay-opacity":"","overlay-gradient":""}},"ast-content-background-meta":{"desktop":{"background-color":"var(--ast-global-color-4)","background-image":"","background-repeat":"repeat","background-position":"center center","background-size":"auto","background-attachment":"scroll","background-type":"","background-media":"","overlay-type":"","overlay-color":"","overlay-opacity":"","overlay-gradient":""},"tablet":{"background-color":"var(--ast-global-color-4)","background-image":"","background-repeat":"repeat","background-position":"center center","background-size":"auto","background-attachment":"scroll","background-type":"","background-media":"","overlay-type":"","overlay-color":"","overlay-opacity":"","overlay-gradient":""},"mobile":{"background-color":"var(--ast-global-color-4)","background-image":"","background-repeat":"repeat","background-position":"center center","background-size":"auto","background-attachment":"scroll","background-type":"","background-media":"","overlay-type":"","overlay-color":"","overlay-opacity":"","overlay-gradient":""}},"footnotes":""},"class_list":["post-322","page","type-page","status-publish","hentry"],"_links":{"self":[{"href":"https:\/\/www.chiefantidote.com\/en\/wp-json\/wp\/v2\/pages\/322","targetHints":{"allow":["GET"]}}],"collection":[{"href":"https:\/\/www.chiefantidote.com\/en\/wp-json\/wp\/v2\/pages"}],"about":[{"href":"https:\/\/www.chiefantidote.com\/en\/wp-json\/wp\/v2\/types\/page"}],"author":[{"embeddable":true,"href":"https:\/\/www.chiefantidote.com\/en\/wp-json\/wp\/v2\/users\/1"}],"replies":[{"embeddable":true,"href":"https:\/\/www.chiefantidote.com\/en\/wp-json\/wp\/v2\/comments?post=322"}],"version-history":[{"count":14,"href":"https:\/\/www.chiefantidote.com\/en\/wp-json\/wp\/v2\/pages\/322\/revisions"}],"predecessor-version":[{"id":456,"href":"https:\/\/www.chiefantidote.com\/en\/wp-json\/wp\/v2\/pages\/322\/revisions\/456"}],"wp:attachment":[{"href":"https:\/\/www.chiefantidote.com\/en\/wp-json\/wp\/v2\/media?parent=322"}],"curies":[{"name":"wp","href":"https:\/\/api.w.org\/{rel}","templated":true}]}}